{"id":640,"date":"2022-03-19T03:37:33","date_gmt":"2022-03-19T03:37:33","guid":{"rendered":"https:\/\/benedou.com\/?page_id=640"},"modified":"2022-03-22T18:35:48","modified_gmt":"2022-03-22T18:35:48","slug":"tecnologia-2","status":"publish","type":"page","link":"https:\/\/benedou.com\/index.php\/tecnologia-2\/","title":{"rendered":"Tecnolog\u00eda"},"content":{"rendered":"<p>[et_pb_section fb_built=\u00bb1&#8243; _builder_version=\u00bb4.15.0&#8243; _module_preset=\u00bbdefault\u00bb background_color=\u00bb#4E8623&#8243; global_colors_info=\u00bb{}\u00bb][\/et_pb_section][et_pb_section fb_built=\u00bb1&#8243; specialty=\u00bbon\u00bb _builder_version=\u00bb4.15.0&#8243; _module_preset=\u00bbdefault\u00bb global_colors_info=\u00bb{}\u00bb][et_pb_column type=\u00bb1_2&#8243; _builder_version=\u00bb4.15&#8243; custom_padding=\u00bb|||\u00bb global_colors_info=\u00bb{}\u00bb custom_padding__hover=\u00bb|||\u00bb][et_pb_text _builder_version=\u00bb4.15.1&#8243; _module_preset=\u00bbdefault\u00bb text_font=\u00bbRoboto||||||||\u00bb header_font=\u00bbRoboto|700|||||||\u00bb header_text_color=\u00bb#4E8623&#8243; animation_style=\u00bbfade\u00bb hover_enabled=\u00bb0&#8243; global_colors_info=\u00bb{}\u00bb sticky_enabled=\u00bb0&#8243;]<\/p>\n<h1>Alimento envasado en atmosfera protectora.<\/h1>\n<p>Envasar al vac\u00edo es una t\u00e9cnica de dominio p\u00fablico, que nos ofrece alargar la vida del producto y la conservaci\u00f3n de colores, nutrientes y sabores de buena calidad y sin conservadores.<\/p>\n<p>[\/et_pb_text][\/et_pb_column][et_pb_column type=\u00bb1_2&#8243; specialty_columns=\u00bb2&#8243; _builder_version=\u00bb4.15&#8243; custom_padding=\u00bb|||\u00bb global_colors_info=\u00bb{}\u00bb custom_padding__hover=\u00bb|||\u00bb][et_pb_row_inner column_structure=\u00bb1_2,1_2&#8243; _builder_version=\u00bb4.15.0&#8243; _module_preset=\u00bbdefault\u00bb global_colors_info=\u00bb{}\u00bb][et_pb_column_inner type=\u00bb1_2&#8243; saved_specialty_column_type=\u00bb1_2&#8243; _builder_version=\u00bb4.15.0&#8243; _module_preset=\u00bbdefault\u00bb global_colors_info=\u00bb{}\u00bb][et_pb_image src=\u00bbhttps:\/\/benedou.com\/wp-content\/uploads\/2022\/03\/DSC02863.jpg\u00bb title_text=\u00bbDSC02863&#8243; _builder_version=\u00bb4.15.0&#8243; _module_preset=\u00bbdefault\u00bb animation_style=\u00bbbounce\u00bb border_radii=\u00bbon|10px|10px|10px|10px\u00bb global_colors_info=\u00bb{}\u00bb][\/et_pb_image][\/et_pb_column_inner][et_pb_column_inner type=\u00bb1_2&#8243; saved_specialty_column_type=\u00bb1_2&#8243; _builder_version=\u00bb4.15.0&#8243; _module_preset=\u00bbdefault\u00bb global_colors_info=\u00bb{}\u00bb][et_pb_image src=\u00bbhttps:\/\/benedou.com\/wp-content\/uploads\/2022\/03\/DSC02887.jpg\u00bb title_text=\u00bbDSC02887&#8243; _builder_version=\u00bb4.15.0&#8243; _module_preset=\u00bbdefault\u00bb animation_style=\u00bbbounce\u00bb border_radii=\u00bbon|10px|10px|10px|10px\u00bb global_colors_info=\u00bb{}\u00bb][\/et_pb_image][\/et_pb_column_inner][\/et_pb_row_inner][\/et_pb_column][\/et_pb_section][et_pb_section fb_built=\u00bb1&#8243; fullwidth=\u00bbon\u00bb _builder_version=\u00bb4.15.0&#8243; _module_preset=\u00bbdefault\u00bb background_color=\u00bb#68B32E\u00bb animation_style=\u00bbfade\u00bb global_colors_info=\u00bb{}\u00bb][et_pb_fullwidth_image src=\u00bbhttps:\/\/benedou.com\/wp-content\/uploads\/2022\/03\/Recorte.png\u00bb title_text=\u00bbRecorte\u00bb _builder_version=\u00bb4.15.0&#8243; _module_preset=\u00bbdefault\u00bb animation_style=\u00bbbounce\u00bb global_colors_info=\u00bb{}\u00bb][\/et_pb_fullwidth_image][\/et_pb_section][et_pb_section fb_built=\u00bb1&#8243; _builder_version=\u00bb4.15.0&#8243; _module_preset=\u00bbdefault\u00bb global_colors_info=\u00bb{}\u00bb][et_pb_row column_structure=\u00bb1_2,1_2&#8243; _builder_version=\u00bb4.15.0&#8243; _module_preset=\u00bbdefault\u00bb global_colors_info=\u00bb{}\u00bb][et_pb_column type=\u00bb1_2&#8243; _builder_version=\u00bb4.15.0&#8243; _module_preset=\u00bbdefault\u00bb global_colors_info=\u00bb{}\u00bb][et_pb_text _builder_version=\u00bb4.15.1&#8243; _module_preset=\u00bbdefault\u00bb text_font=\u00bbRoboto||||||||\u00bb header_font=\u00bbRoboto|700|||||||\u00bb header_text_color=\u00bb#F29100&#8243; animation_style=\u00bbfade\u00bb hover_enabled=\u00bb0&#8243; global_colors_info=\u00bb{}\u00bb text_font_size=\u00bb16px\u00bb sticky_enabled=\u00bb0&#8243;]<\/p>\n<h1>\u00bfPorque es bueno para m\u00ed?<\/h1>\n<ul>\n<li>Porque el\u00a0 producto tiene mejores condiciones<br \/>de envasado en t\u00e9rminos de inocuidad y seguridad.<\/li>\n<li>Se suprime el uso de productos qu\u00edmicos para conservar el alimento y evita conservadores.<\/li>\n<li>Mantiene la frescura y nutrientes del alimento.<\/li>\n<li>Proporciona un producto de calidad\u00a0 elevada.<\/li>\n<\/ul>\n<p>[\/et_pb_text][\/et_pb_column][et_pb_column type=\u00bb1_2&#8243; _builder_version=\u00bb4.15.0&#8243; _module_preset=\u00bbdefault\u00bb global_colors_info=\u00bb{}\u00bb][et_pb_text _builder_version=\u00bb4.15.1&#8243; _module_preset=\u00bbdefault\u00bb text_font=\u00bbRoboto||||||||\u00bb header_font=\u00bbRoboto|700|||||||\u00bb header_text_color=\u00bb#4E8623&#8243; animation_style=\u00bbfade\u00bb hover_enabled=\u00bb0&#8243; global_colors_info=\u00bb{}\u00bb sticky_enabled=\u00bb0&#8243;]<\/p>\n<h1>\u00bfC\u00f3mo funciona?<\/h1>\n<p>La atmosfera protectora consiste en generar vac\u00edo en el recipiente, para prolongar la vida del producto<strong> y su buena conservaci\u00f3n<\/strong><\/p>\n<p>[\/et_pb_text][\/et_pb_column][\/et_pb_row][\/et_pb_section]<\/p>\n","protected":false},"excerpt":{"rendered":"<p>Alimento envasado en atmosfera protectora. Envasar al vac\u00edo es una t\u00e9cnica de dominio p\u00fablico, que nos ofrece alargar la vida del producto y la conservaci\u00f3n de colores, nutrientes y sabores de buena calidad y sin conservadores.\u00bfPorque es bueno para m\u00ed? Porque el\u00a0 producto tiene mejores condicionesde envasado en t\u00e9rminos de inocuidad y seguridad. Se suprime [&hellip;]<\/p>\n","protected":false},"author":1,"featured_media":0,"parent":0,"menu_order":0,"comment_status":"closed","ping_status":"closed","template":"","meta":{"_et_pb_use_builder":"on","_et_pb_old_content":"","_et_gb_content_width":"","footnotes":""},"class_list":["post-640","page","type-page","status-publish","hentry"],"_links":{"self":[{"href":"https:\/\/benedou.com\/index.php\/wp-json\/wp\/v2\/pages\/640","targetHints":{"allow":["GET"]}}],"collection":[{"href":"https:\/\/benedou.com\/index.php\/wp-json\/wp\/v2\/pages"}],"about":[{"href":"https:\/\/benedou.com\/index.php\/wp-json\/wp\/v2\/types\/page"}],"author":[{"embeddable":true,"href":"https:\/\/benedou.com\/index.php\/wp-json\/wp\/v2\/users\/1"}],"replies":[{"embeddable":true,"href":"https:\/\/benedou.com\/index.php\/wp-json\/wp\/v2\/comments?post=640"}],"version-history":[{"count":8,"href":"https:\/\/benedou.com\/index.php\/wp-json\/wp\/v2\/pages\/640\/revisions"}],"predecessor-version":[{"id":662,"href":"https:\/\/benedou.com\/index.php\/wp-json\/wp\/v2\/pages\/640\/revisions\/662"}],"wp:attachment":[{"href":"https:\/\/benedou.com\/index.php\/wp-json\/wp\/v2\/media?parent=640"}],"curies":[{"name":"wp","href":"https:\/\/api.w.org\/{rel}","templated":true}]}}